{"id":23,"date":"2020-10-09T16:30:16","date_gmt":"2020-10-09T14:30:16","guid":{"rendered":"https:\/\/latovius.at\/?page_id=23"},"modified":"2020-10-19T11:33:25","modified_gmt":"2020-10-19T09:33:25","slug":"layout","status":"publish","type":"page","link":"https:\/\/latovius.at\/","title":{"rendered":"LATOVIUS &#8211; Lavanttaler Onlinevideo und Service Plattform"},"content":{"rendered":"\n<blockquote class=\"wp-block-quote\"><p>&#8222;Ein Spatz h\u00f6rt auch nicht zu fliegen auf, weil er sieht, dass Adler h\u00f6her fliegen&#8220; (Hugo H\u00f6gner)<\/p><\/blockquote>\n\n\n\n<h2>Klein anfangen, aber Gro\u00dfes im Sinn haben, ist unser Credo!<\/h2>\n\n\n\n<p>Als R\u00fcckkehrer nach \u00fcber 25 Jahren in das wundersch\u00f6ne Lavanttal, er\u00f6ffnet dieser Umstand einen (fast) objektiven Blick f\u00fcr die Region. Und er war sch\u00f6n &#8211; \u00fcberraschend sch\u00f6n! Aus der Kindheit bekannte Naturlandschaften sind noch intakt und werden gepflegt. Der Gro\u00dfteil dieser wunderbaren und in gewisser Weise einzigartigen Natur des Tals ist zum Gl\u00fcck erhalten geblieben. Mit gro\u00dfer Freude wurde festgestellt, dass der politische Bezirk Wolfsberg mittlerweile reich an innovativen Ideen, sowie mit kreativen und mutigen Unternehmen gesegnet ist, die stetig an der Optimierung ihrer Ideen feilen. Der ausgebliebene Massentourismus, ein &#8211; wie schon damals &#8211; Fluch und Segen zugleich, hat das Tal nicht zu einer alpenl\u00e4ndischen Disney-World mit Superspreader-Flavor verkommen lassen.<\/p>\n\n\n\n<p>Leider sind aber auch andere Umst\u00e4nde und Wesensz\u00fcge, die dem Tal eigen sind, erhalten geblieben und hemmen jeher das Aufbl\u00fchen einer neuen \u00c4ra im Paradies K\u00e4rntens. Mag das Trutzige in der Bev\u00f6lkerung des Lavanttals mittlerweile schon als putzig angesehen werden, verhindert dieser Wesenszug oft das Aufbl\u00fchen von etwas Sch\u00f6nem und vielleicht noch nicht da Gewesenem. <\/p>\n\n\n\n<p>Es scheint, als wollen die 9 Gemeinden des Tals es partout nicht einsehen, dass sie nur gemeinsam, also alle, von Reichenfels bis Lavam\u00fcnd, die Sch\u00f6nheit und eine wunderbare Homogenit\u00e4t des Tals ausmachen k\u00f6nnen. Erst der Kanon der 9 Gemeinden macht das so gern zitierte Paradies K\u00e4rntens, erst wirklich zum Paradies.<\/p>\n\n\n\n<p>An dieser Stelle w\u00e4re man gerne verleitet, in das Polemische abzugleiten. Aber &#8211; und genau das ist der Punkt &#8211; daf\u00fcr soll und wird es keinen Platz auf dieser Plattform geben!<\/p>\n\n\n\n<p>LATOVIUS will mit seinen Berichten und Serviceinformationen &#8211; die das gesamte Tal betreffen &#8211; informieren, vermitteln, verbinden und bewegen. Stolz und Gemeinschaftlich f\u00fcr das Tal stehen, die ungeheuren Potentiale des Landstrichs aufzeigen &#8211; den Lavanttalern und auch gerne jedem anderen Interessierten. <\/p>\n\n\n\n<p>Aus diesem Grund haben wir am 10.10.2020 angefangen &#8211; klein &#8211; nat\u00fcrlich!<\/p>\n\n\n\n<p>Markus O. Grohs <\/p>\n","protected":false},"excerpt":{"rendered":"<p>&#8222;Ein Spatz h\u00f6rt auch nicht zu fliegen auf, weil er sieht, dass Adler h\u00f6her fliegen&#8220; (Hugo H\u00f6gner) Klein anfangen, aber Gro\u00dfes im Sinn haben, ist&#8230;<\/p>\n<div class=\"more-link-wrapper\"><a class=\"more-link\" href=\"https:\/\/latovius.at\/\">mehr<span class=\"screen-reader-text\">LATOVIUS &#8211; Lavanttaler Onlinevideo und Service Plattform<\/span><\/a><\/div>\n","protected":false},"author":1,"featured_media":0,"parent":0,"menu_order":0,"comment_status":"closed","ping_status":"closed","template":"","meta":[],"_links":{"self":[{"href":"https:\/\/latovius.at\/index.php?rest_route=\/wp\/v2\/pages\/23"}],"collection":[{"href":"https:\/\/latovius.at\/index.php?rest_route=\/wp\/v2\/pages"}],"about":[{"href":"https:\/\/latovius.at\/index.php?rest_route=\/wp\/v2\/types\/page"}],"author":[{"embeddable":true,"href":"https:\/\/latovius.at\/index.php?rest_route=\/wp\/v2\/users\/1"}],"replies":[{"embeddable":true,"href":"https:\/\/latovius.at\/index.php?rest_route=%2Fwp%2Fv2%2Fcomments&post=23"}],"version-history":[{"count":11,"href":"https:\/\/latovius.at\/index.php?rest_route=\/wp\/v2\/pages\/23\/revisions"}],"predecessor-version":[{"id":194,"href":"https:\/\/latovius.at\/index.php?rest_route=\/wp\/v2\/pages\/23\/revisions\/194"}],"wp:attachment":[{"href":"https:\/\/latovius.at\/index.php?rest_route=%2Fwp%2Fv2%2Fmedia&parent=23"}],"curies":[{"name":"wp","href":"https:\/\/api.w.org\/{rel}","templated":true}]}}